{"id":35451,"date":"2025-07-29T17:10:27","date_gmt":"2025-07-29T15:10:27","guid":{"rendered":"https:\/\/lespot.ch\/%d9%83%d9%86-%d8%b9%d8%b6%d9%88%d9%8b%d8%a7\/"},"modified":"2025-10-20T12:49:29","modified_gmt":"2025-10-20T10:49:29","slug":"%d9%83%d9%86-%d8%b9%d8%b6%d9%88%d9%8b%d8%a7","status":"publish","type":"page","link":"https:\/\/lespot.ch\/ar\/%d9%83%d9%86-%d8%b9%d8%b6%d9%88%d9%8b%d8%a7\/","title":{"rendered":"\u0643\u0646 \u0639\u0636\u0648\u064b\u0627"},"content":{"rendered":"\t\t<div data-elementor-type=\"wp-page\" data-elementor-id=\"35451\" class=\"elementor elementor-35451 elementor-33927\">\n\t\t\t\t<div class=\"elementor-element elementor-element-563cb26 e-flex e-con-boxed wpr-particle-no wpr-jarallax-no wpr-parallax-no wpr-sticky-section-no wpr-equal-height-no e-con e-parent\" data-id=\"563cb26\" data-element_type=\"container\" data-e-type=\"container\">\n\t\t\t\t\t<div class=\"e-con-inner\">\n\t\t\t\t<div class=\"elementor-element elementor-element-f2b82b4 elementor-widget elementor-widget-shortcode\" data-id=\"f2b82b4\" data-element_type=\"widget\" data-e-type=\"widget\" data-widget_type=\"shortcode.default\">\n\t\t\t\t<div class=\"elementor-widget-container\">\n\t\t\t\t\t\t\t<div class=\"elementor-shortcode\"><div class=\"forminator-ui forminator-custom-form forminator-custom-form-33906 forminator-design--material  forminator_ajax\" data-forminator-render=\"0\" data-form=\"forminator-module-33906\" data-uid=\"69e350c1118f3\"><br\/><\/div><form\n\t\t\t\tid=\"forminator-module-33906\"\n\t\t\t\tclass=\"forminator-ui forminator-custom-form forminator-custom-form-33906 forminator-design--material  forminator_ajax\"\n\t\t\t\tmethod=\"post\"\n\t\t\t\tdata-forminator-render=\"0\"\n\t\t\t\tdata-form-id=\"33906\"\n\t\t\t\t data-color-option=\"default\" data-design=\"material\" data-grid=\"open\" style=\"display: none;\"\n\t\t\t\tdata-uid=\"69e350c1118f3\"\n\t\t\t><div role=\"alert\" aria-live=\"polite\" class=\"forminator-response-message forminator-error\" aria-hidden=\"true\"><\/div><div class=\"forminator-row\"><div id=\"name-2\" class=\"forminator-field-name forminator-col forminator-col-12 \"><div class=\"forminator-field\"><label for=\"forminator-field-name-2_69e350c1118f3\" id=\"forminator-field-name-2_69e350c1118f3-label\" class=\"forminator-label\">Nom <span class=\"forminator-required\">*<\/span><\/label><input type=\"text\" name=\"name-2\" value=\"\" placeholder=\"\" id=\"forminator-field-name-2_69e350c1118f3\" class=\"forminator-input forminator-name--field\" aria-required=\"true\" autocomplete=\"name\" \/><\/div><\/div><\/div><div class=\"forminator-row\"><div id=\"name-1\" class=\"forminator-field-name forminator-col forminator-col-12 \"><div class=\"forminator-field\"><label for=\"forminator-field-name-1_69e350c1118f3\" id=\"forminator-field-name-1_69e350c1118f3-label\" class=\"forminator-label\">Pr\u00e9nom <span class=\"forminator-required\">*<\/span><\/label><input type=\"text\" name=\"name-1\" value=\"\" placeholder=\"\" id=\"forminator-field-name-1_69e350c1118f3\" class=\"forminator-input forminator-name--field\" aria-required=\"true\" autocomplete=\"name\" \/><\/div><\/div><\/div><div class=\"forminator-row\"><div id=\"email-1\" class=\"forminator-field-email forminator-col forminator-col-12 \"><div class=\"forminator-field\"><label for=\"forminator-field-email-1_69e350c1118f3\" id=\"forminator-field-email-1_69e350c1118f3-label\" class=\"forminator-label\">Adresse de messagerie <span class=\"forminator-required\">*<\/span><\/label><input type=\"email\" name=\"email-1\" value=\"\" placeholder=\"\" id=\"forminator-field-email-1_69e350c1118f3\" class=\"forminator-input forminator-email--field\" data-required=\"true\" aria-required=\"true\" autocomplete=\"email\" \/><\/div><\/div><\/div><div class=\"forminator-row\"><div id=\"phone-1\" class=\"forminator-field-phone forminator-col forminator-col-12 \"><div class=\"forminator-field\"><label for=\"forminator-field-phone-1_69e350c1118f3\" id=\"forminator-field-phone-1_69e350c1118f3-label\" class=\"forminator-label\">Num\u00e9ro de t\u00e9l\u00e9phone <span class=\"forminator-required\">*<\/span><\/label><input type=\"text\" name=\"phone-1\" value=\"\" placeholder=\"\" id=\"forminator-field-phone-1_69e350c1118f3\" class=\"forminator-input forminator-field--phone\" data-required=\"1\" aria-required=\"true\" autocomplete=\"off\" \/><\/div><\/div><\/div><div class=\"forminator-row\"><div id=\"checkbox-1\" class=\"forminator-field-checkbox forminator-col forminator-col-12 \"><div role=\"group\" class=\"forminator-field required\" aria-labelledby=\"forminator-checkbox-group-forminator-field-checkbox-1-69e350c1118f3-label\"><span id=\"forminator-checkbox-group-forminator-field-checkbox-1-69e350c1118f3-label\" class=\"forminator-label\">Une case \u00e0 cocher <span class=\"forminator-required\">*<\/span><\/span><label id=\"forminator-field-checkbox-1-1-69e350c1118f3-label\" for=\"forminator-field-checkbox-1-1-69e350c1118f3\" class=\"forminator-checkbox\" title=\"Devenir membre de soutien\"><input type=\"checkbox\" name=\"checkbox-1[]\" value=\"one\" id=\"forminator-field-checkbox-1-1-69e350c1118f3\" aria-labelledby=\"forminator-field-checkbox-1-1-69e350c1118f3-label\" data-calculation=\"0\"   data-hidden-behavior=\"zero\"\/><span class=\"forminator-checkbox-box\" aria-hidden=\"true\"><\/span><span class=\"forminator-checkbox-label\">Devenir membre de soutien<\/span><\/label><label id=\"forminator-field-checkbox-1-2-69e350c1118f3-label\" for=\"forminator-field-checkbox-1-2-69e350c1118f3\" class=\"forminator-checkbox\" title=\"Devenir membre donateur avec la somme de votre choix\"><input type=\"checkbox\" name=\"checkbox-1[]\" value=\"two\" id=\"forminator-field-checkbox-1-2-69e350c1118f3\" aria-labelledby=\"forminator-field-checkbox-1-2-69e350c1118f3-label\" data-calculation=\"0\"   data-hidden-behavior=\"zero\"\/><span class=\"forminator-checkbox-box\" aria-hidden=\"true\"><\/span><span class=\"forminator-checkbox-label\">Devenir membre donateur avec la somme de votre choix<\/span><\/label><label id=\"forminator-field-checkbox-1-3-69e350c1118f3-label\" for=\"forminator-field-checkbox-1-3-69e350c1118f3\" class=\"forminator-checkbox\" title=\"Devenir b\u00e9n\u00e9vole en venant donner des coups de main lors de manifestation\"><input type=\"checkbox\" name=\"checkbox-1[]\" value=\"Devenir-b\u00e9n\u00e9vole-en-venant-donner-des-coups-de-main-lors-de-manifestation\" id=\"forminator-field-checkbox-1-3-69e350c1118f3\" aria-labelledby=\"forminator-field-checkbox-1-3-69e350c1118f3-label\" data-calculation=\"0\"   data-hidden-behavior=\"zero\"\/><span class=\"forminator-checkbox-box\" aria-hidden=\"true\"><\/span><span class=\"forminator-checkbox-label\">Devenir b\u00e9n\u00e9vole en venant donner des coups de main lors de manifestation<\/span><\/label><\/div><\/div><\/div><div class=\"forminator-row\"><div id=\"checkbox-2\" class=\"forminator-field-checkbox forminator-col forminator-col-12 \"><div role=\"group\" class=\"forminator-field\" aria-labelledby=\"forminator-checkbox-group-forminator-field-checkbox-2-69e350c1118f3-label\"><span id=\"forminator-checkbox-group-forminator-field-checkbox-2-69e350c1118f3-label\" class=\"forminator-label\">Case \u00e0 cocher<\/span><label id=\"forminator-field-checkbox-2-1-69e350c1118f3-label\" for=\"forminator-field-checkbox-2-1-69e350c1118f3\" class=\"forminator-checkbox\" title=\"J&#039;atteste avoir lu les statuts de l&#039;association (diponible sur le site internet) et les accepter\"><input type=\"checkbox\" name=\"checkbox-2[]\" value=\"one\" id=\"forminator-field-checkbox-2-1-69e350c1118f3\" aria-labelledby=\"forminator-field-checkbox-2-1-69e350c1118f3-label\" data-calculation=\"0\"   data-hidden-behavior=\"zero\"\/><span class=\"forminator-checkbox-box\" aria-hidden=\"true\"><\/span><span class=\"forminator-checkbox-label\">J'atteste avoir lu les statuts de l'association (diponible sur le site internet) et les accepter<\/span><\/label><\/div><\/div><\/div><div class=\"forminator-row\" style=\"margin: 0;\"><div id=\"captcha-1\" class=\"forminator-field-captcha  forminator-col-12 \"><div class=\"forminator-captcha-left forminator-g-recaptcha recaptcha-invisible\" data-theme=\"light\" data-badge=\"bottomleft\" data-sitekey=\"6LdpjoUrAAAAAA6jW-EYs9VhvcYJhW9wfIleEgPG\" data-size=\"invisible\"><\/div> <\/div><\/div><input type=\"hidden\" name=\"referer_url\" value=\"\" \/><div class=\"forminator-row forminator-row-last\"><div class=\"forminator-col\"><div class=\"forminator-field\"><button class=\"forminator-button forminator-button-submit\"><span>Envoyer<\/span><span aria-hidden=\"true\"><\/span><\/button><\/div><\/div><\/div><input type=\"hidden\" id=\"forminator_nonce\" name=\"forminator_nonce\" value=\"2b55122574\" \/><input type=\"hidden\" name=\"_wp_http_referer\" value=\"\/ar\/wp-json\/wp\/v2\/pages\/35451\" \/><input type=\"hidden\" name=\"form_id\" value=\"33906\"><input type=\"hidden\" name=\"page_id\" value=\"35451\"><input type=\"hidden\" name=\"form_type\" value=\"default\"><input type=\"hidden\" name=\"current_url\" value=\"https:\/\/lespot.ch\/ar\/%d9%83%d9%86-%d8%b9%d8%b6%d9%88%d9%8b%d8%a7\/\"><input type=\"hidden\" name=\"render_id\" value=\"0\"><input type=\"hidden\" name=\"action\" value=\"forminator_submit_form_custom-forms\"><\/form><\/div>\n\t\t\t\t\t\t<\/div>\n\t\t\t\t<\/div>\n\t\t\t\t\t<\/div>\n\t\t\t\t<\/div>\n\t\t\t\t<\/div>\n\t\t","protected":false},"excerpt":{"rendered":"","protected":false},"author":17,"featured_media":0,"parent":0,"menu_order":0,"comment_status":"closed","ping_status":"closed","template":"","meta":{"site-sidebar-layout":"no-sidebar","site-content-layout":"","ast-site-content-layout":"full-width-container","site-content-style":"default","site-sidebar-style":"default","ast-global-header-display":"","ast-banner-title-visibility":"","ast-main-header-display":"","ast-hfb-above-header-display":"","ast-hfb-below-header-display":"","ast-hfb-mobile-header-display":"","site-post-title":"disabled","ast-breadcrumbs-content":"","ast-featured-img":"disabled","footer-sml-layout":"","ast-disable-related-posts":"","theme-transparent-header-meta":"","adv-header-id-meta":"","stick-header-meta":"","header-above-stick-meta":"","header-main-stick-meta":"","header-below-stick-meta":"","astra-migrate-meta-layouts":"default","ast-page-background-enabled":"default","ast-page-background-meta":{"desktop":{"background-color":"var(--ast-global-color-5)","background-image":"","background-repeat":"repeat","background-position":"center center","background-size":"auto","background-attachment":"scroll","background-type":"","background-media":"","overlay-type":"","overlay-color":"","overlay-opacity":"","overlay-gradient":""},"tablet":{"background-color":"","background-image":"","background-repeat":"repeat","background-position":"center center","background-size":"auto","background-attachment":"scroll","background-type":"","background-media":"","overlay-type":"","overlay-color":"","overlay-opacity":"","overlay-gradient":""},"mobile":{"background-color":"","background-image":"","background-repeat":"repeat","background-position":"center center","background-size":"auto","background-attachment":"scroll","background-type":"","background-media":"","overlay-type":"","overlay-color":"","overlay-opacity":"","overlay-gradient":""}},"ast-content-background-meta":{"desktop":{"background-color":"var(--ast-global-color-4)","background-image":"","background-repeat":"repeat","background-position":"center center","background-size":"auto","background-attachment":"scroll","background-type":"","background-media":"","overlay-type":"","overlay-color":"","overlay-opacity":"","overlay-gradient":""},"tablet":{"background-color":"var(--ast-global-color-4)","background-image":"","background-repeat":"repeat","background-position":"center center","background-size":"auto","background-attachment":"scroll","background-type":"","background-media":"","overlay-type":"","overlay-color":"","overlay-opacity":"","overlay-gradient":""},"mobile":{"background-color":"var(--ast-global-color-4)","background-image":"","background-repeat":"repeat","background-position":"center center","background-size":"auto","background-attachment":"scroll","background-type":"","background-media":"","overlay-type":"","overlay-color":"","overlay-opacity":"","overlay-gradient":""}},"footnotes":""},"class_list":["post-35451","page","type-page","status-publish","hentry"],"yoast_head":"<!-- This site is optimized with the Yoast SEO plugin v27.4 - https:\/\/yoast.com\/product\/yoast-seo-wordpress\/ -->\n<title>\u0643\u0646 \u0639\u0636\u0648\u064b\u0627 - Le Spot - Maison de Quartier de Ch\u00eane-Bourg<\/title>\n<meta name=\"robots\" content=\"index, follow, max-snippet:-1, max-image-preview:large, max-video-preview:-1\" \/>\n<link rel=\"canonical\" href=\"https:\/\/lespot.ch\/ar\/%d9%83%d9%86-%d8%b9%d8%b6%d9%88%d9%8b%d8%a7\/\" \/>\n<meta property=\"og:locale\" content=\"ar_AR\" \/>\n<meta property=\"og:type\" content=\"article\" \/>\n<meta property=\"og:title\" content=\"\u0643\u0646 \u0639\u0636\u0648\u064b\u0627 - Le Spot - Maison de Quartier de Ch\u00eane-Bourg\" \/>\n<meta property=\"og:url\" content=\"https:\/\/lespot.ch\/ar\/%d9%83%d9%86-%d8%b9%d8%b6%d9%88%d9%8b%d8%a7\/\" \/>\n<meta property=\"og:site_name\" content=\"Le Spot - Maison de Quartier de Ch\u00eane-Bourg\" \/>\n<meta property=\"article:modified_time\" content=\"2025-10-20T10:49:29+00:00\" \/>\n<meta name=\"twitter:card\" content=\"summary_large_image\" \/>\n<script type=\"application\/ld+json\" class=\"yoast-schema-graph\">{\"@context\":\"https:\\\/\\\/schema.org\",\"@graph\":[{\"@type\":\"WebPage\",\"@id\":\"https:\\\/\\\/lespot.ch\\\/ar\\\/%d9%83%d9%86-%d8%b9%d8%b6%d9%88%d9%8b%d8%a7\\\/\",\"url\":\"https:\\\/\\\/lespot.ch\\\/ar\\\/%d9%83%d9%86-%d8%b9%d8%b6%d9%88%d9%8b%d8%a7\\\/\",\"name\":\"\u0643\u0646 \u0639\u0636\u0648\u064b\u0627 - Le Spot - Maison de Quartier de Ch\u00eane-Bourg\",\"isPartOf\":{\"@id\":\"https:\\\/\\\/lespot.ch\\\/ar\\\/#website\"},\"datePublished\":\"2025-07-29T15:10:27+00:00\",\"dateModified\":\"2025-10-20T10:49:29+00:00\",\"breadcrumb\":{\"@id\":\"https:\\\/\\\/lespot.ch\\\/ar\\\/%d9%83%d9%86-%d8%b9%d8%b6%d9%88%d9%8b%d8%a7\\\/#breadcrumb\"},\"inLanguage\":\"ar\",\"potentialAction\":[{\"@type\":\"ReadAction\",\"target\":[\"https:\\\/\\\/lespot.ch\\\/ar\\\/%d9%83%d9%86-%d8%b9%d8%b6%d9%88%d9%8b%d8%a7\\\/\"]}]},{\"@type\":\"BreadcrumbList\",\"@id\":\"https:\\\/\\\/lespot.ch\\\/ar\\\/%d9%83%d9%86-%d8%b9%d8%b6%d9%88%d9%8b%d8%a7\\\/#breadcrumb\",\"itemListElement\":[{\"@type\":\"ListItem\",\"position\":1,\"name\":\"Accueil\",\"item\":\"https:\\\/\\\/lespot.ch\\\/ar\\\/\"},{\"@type\":\"ListItem\",\"position\":2,\"name\":\"\u0643\u0646 \u0639\u0636\u0648\u064b\u0627\"}]},{\"@type\":\"WebSite\",\"@id\":\"https:\\\/\\\/lespot.ch\\\/ar\\\/#website\",\"url\":\"https:\\\/\\\/lespot.ch\\\/ar\\\/\",\"name\":\"Le Spot - Maison de Quartier de Ch\u00eane-Bourg\",\"description\":\"\",\"potentialAction\":[{\"@type\":\"SearchAction\",\"target\":{\"@type\":\"EntryPoint\",\"urlTemplate\":\"https:\\\/\\\/lespot.ch\\\/ar\\\/?s={search_term_string}\"},\"query-input\":{\"@type\":\"PropertyValueSpecification\",\"valueRequired\":true,\"valueName\":\"search_term_string\"}}],\"inLanguage\":\"ar\"}]}<\/script>\n<!-- \/ Yoast SEO plugin. -->","yoast_head_json":{"title":"\u0643\u0646 \u0639\u0636\u0648\u064b\u0627 - Le Spot - Maison de Quartier de Ch\u00eane-Bourg","robots":{"index":"index","follow":"follow","max-snippet":"max-snippet:-1","max-image-preview":"max-image-preview:large","max-video-preview":"max-video-preview:-1"},"canonical":"https:\/\/lespot.ch\/ar\/%d9%83%d9%86-%d8%b9%d8%b6%d9%88%d9%8b%d8%a7\/","og_locale":"ar_AR","og_type":"article","og_title":"\u0643\u0646 \u0639\u0636\u0648\u064b\u0627 - Le Spot - Maison de Quartier de Ch\u00eane-Bourg","og_url":"https:\/\/lespot.ch\/ar\/%d9%83%d9%86-%d8%b9%d8%b6%d9%88%d9%8b%d8%a7\/","og_site_name":"Le Spot - Maison de Quartier de Ch\u00eane-Bourg","article_modified_time":"2025-10-20T10:49:29+00:00","twitter_card":"summary_large_image","schema":{"@context":"https:\/\/schema.org","@graph":[{"@type":"WebPage","@id":"https:\/\/lespot.ch\/ar\/%d9%83%d9%86-%d8%b9%d8%b6%d9%88%d9%8b%d8%a7\/","url":"https:\/\/lespot.ch\/ar\/%d9%83%d9%86-%d8%b9%d8%b6%d9%88%d9%8b%d8%a7\/","name":"\u0643\u0646 \u0639\u0636\u0648\u064b\u0627 - Le Spot - Maison de Quartier de Ch\u00eane-Bourg","isPartOf":{"@id":"https:\/\/lespot.ch\/ar\/#website"},"datePublished":"2025-07-29T15:10:27+00:00","dateModified":"2025-10-20T10:49:29+00:00","breadcrumb":{"@id":"https:\/\/lespot.ch\/ar\/%d9%83%d9%86-%d8%b9%d8%b6%d9%88%d9%8b%d8%a7\/#breadcrumb"},"inLanguage":"ar","potentialAction":[{"@type":"ReadAction","target":["https:\/\/lespot.ch\/ar\/%d9%83%d9%86-%d8%b9%d8%b6%d9%88%d9%8b%d8%a7\/"]}]},{"@type":"BreadcrumbList","@id":"https:\/\/lespot.ch\/ar\/%d9%83%d9%86-%d8%b9%d8%b6%d9%88%d9%8b%d8%a7\/#breadcrumb","itemListElement":[{"@type":"ListItem","position":1,"name":"Accueil","item":"https:\/\/lespot.ch\/ar\/"},{"@type":"ListItem","position":2,"name":"\u0643\u0646 \u0639\u0636\u0648\u064b\u0627"}]},{"@type":"WebSite","@id":"https:\/\/lespot.ch\/ar\/#website","url":"https:\/\/lespot.ch\/ar\/","name":"Le Spot - Maison de Quartier de Ch\u00eane-Bourg","description":"","potentialAction":[{"@type":"SearchAction","target":{"@type":"EntryPoint","urlTemplate":"https:\/\/lespot.ch\/ar\/?s={search_term_string}"},"query-input":{"@type":"PropertyValueSpecification","valueRequired":true,"valueName":"search_term_string"}}],"inLanguage":"ar"}]}},"_links":{"self":[{"href":"https:\/\/lespot.ch\/ar\/wp-json\/wp\/v2\/pages\/35451","targetHints":{"allow":["GET"]}}],"collection":[{"href":"https:\/\/lespot.ch\/ar\/wp-json\/wp\/v2\/pages"}],"about":[{"href":"https:\/\/lespot.ch\/ar\/wp-json\/wp\/v2\/types\/page"}],"author":[{"embeddable":true,"href":"https:\/\/lespot.ch\/ar\/wp-json\/wp\/v2\/users\/17"}],"replies":[{"embeddable":true,"href":"https:\/\/lespot.ch\/ar\/wp-json\/wp\/v2\/comments?post=35451"}],"version-history":[{"count":1,"href":"https:\/\/lespot.ch\/ar\/wp-json\/wp\/v2\/pages\/35451\/revisions"}],"predecessor-version":[{"id":35453,"href":"https:\/\/lespot.ch\/ar\/wp-json\/wp\/v2\/pages\/35451\/revisions\/35453"}],"wp:attachment":[{"href":"https:\/\/lespot.ch\/ar\/wp-json\/wp\/v2\/media?parent=35451"}],"curies":[{"name":"wp","href":"https:\/\/api.w.org\/{rel}","templated":true}]}}