{"id":35774,"date":"2025-07-16T15:19:58","date_gmt":"2025-07-16T13:19:58","guid":{"rendered":"https:\/\/lespot.ch\/art-class\/"},"modified":"2025-10-22T15:55:51","modified_gmt":"2025-10-22T13:55:51","slug":"art-class","status":"publish","type":"page","link":"http:\/\/lespot.ch\/en\/art-class\/","title":{"rendered":"Art Class"},"content":{"rendered":"\t\t<div data-elementor-type=\"wp-page\" data-elementor-id=\"35774\" class=\"elementor elementor-35774 elementor-33755\">\n\t\t\t\t<header class=\"elementor-element elementor-element-ee74985 e-flex e-con-boxed wpr-particle-no wpr-jarallax-no wpr-parallax-no wpr-sticky-section-no wpr-equal-height-no e-con e-parent\" data-id=\"ee74985\" data-element_type=\"container\" data-e-type=\"container\" data-settings=\"{&quot;background_background&quot;:&quot;classic&quot;,&quot;shape_divider_bottom&quot;:&quot;wave-brush&quot;}\">\n\t\t\t\t\t<div class=\"e-con-inner\">\n\t\t\t\t<div class=\"elementor-shape elementor-shape-bottom\" aria-hidden=\"true\" data-negative=\"false\">\n\t\t\t<svg xmlns=\"http:\/\/www.w3.org\/2000\/svg\" viewBox=\"0 0 283.5 27.8\" preserveAspectRatio=\"none\">\n\t<path class=\"elementor-shape-fill\" d=\"M283.5,9.7c0,0-7.3,4.3-14,4.6c-6.8,0.3-12.6,0-20.9-1.5c-11.3-2-33.1-10.1-44.7-5.7\ts-12.1,4.6-18,7.4c-6.6,3.2-20,9.6-36.6,9.3C131.6,23.5,99.5,7.2,86.3,8c-1.4,0.1-6.6,0.8-10.5,2c-3.8,1.2-9.4,3.8-17,4.7\tc-3.2,0.4-8.3,1.1-14.2,0.9c-1.5-0.1-6.3-0.4-12-1.6c-5.7-1.2-11-3.1-15.8-3.7C6.5,9.2,0,10.8,0,10.8V0h283.5V9.7z M260.8,11.3\tc-0.7-1-2-0.4-4.3-0.4c-2.3,0-6.1-1.2-5.8-1.1c0.3,0.1,3.1,1.5,6,1.9C259.7,12.2,261.4,12.3,260.8,11.3z M242.4,8.6\tc0,0-2.4-0.2-5.6-0.9c-3.2-0.8-10.3-2.8-15.1-3.5c-8.2-1.1-15.8,0-15.1,0.1c0.8,0.1,9.6-0.6,17.6,1.1c3.3,0.7,9.3,2.2,12.4,2.7\tC239.9,8.7,242.4,8.6,242.4,8.6z M185.2,8.5c1.7-0.7-13.3,4.7-18.5,6.1c-2.1,0.6-6.2,1.6-10,2c-3.9,0.4-8.9,0.4-8.8,0.5\tc0,0.2,5.8,0.8,11.2,0c5.4-0.8,5.2-1.1,7.6-1.6C170.5,14.7,183.5,9.2,185.2,8.5z M199.1,6.9c0.2,0-0.8-0.4-4.8,1.1\tc-4,1.5-6.7,3.5-6.9,3.7c-0.2,0.1,3.5-1.8,6.6-3C197,7.5,199,6.9,199.1,6.9z M283,6c-0.1,0.1-1.9,1.1-4.8,2.5s-6.9,2.8-6.7,2.7\tc0.2,0,3.5-0.6,7.4-2.5C282.8,6.8,283.1,5.9,283,6z M31.3,11.6c0.1-0.2-1.9-0.2-4.5-1.2s-5.4-1.6-7.8-2C15,7.6,7.3,8.5,7.7,8.6\tC8,8.7,15.9,8.3,20.2,9.3c2.2,0.5,2.4,0.5,5.7,1.6S31.2,11.9,31.3,11.6z M73,9.2c0.4-0.1,3.5-1.6,8.4-2.6c4.9-1.1,8.9-0.5,8.9-0.8\tc0-0.3-1-0.9-6.2-0.3S72.6,9.3,73,9.2z M71.6,6.7C71.8,6.8,75,5.4,77.3,5c2.3-0.3,1.9-0.5,1.9-0.6c0-0.1-1.1-0.2-2.7,0.2\tC74.8,5.1,71.4,6.6,71.6,6.7z M93.6,4.4c0.1,0.2,3.5,0.8,5.6,1.8c2.1,1,1.8,0.6,1.9,0.5c0.1-0.1-0.8-0.8-2.4-1.3\tC97.1,4.8,93.5,4.2,93.6,4.4z M65.4,11.1c-0.1,0.3,0.3,0.5,1.9-0.2s2.6-1.3,2.2-1.2s-0.9,0.4-2.5,0.8C65.3,10.9,65.5,10.8,65.4,11.1\tz M34.5,12.4c-0.2,0,2.1,0.8,3.3,0.9c1.2,0.1,2,0.1,2-0.2c0-0.3-0.1-0.5-1.6-0.4C36.6,12.8,34.7,12.4,34.5,12.4z M152.2,21.1\tc-0.1,0.1-2.4-0.3-7.5-0.3c-5,0-13.6-2.4-17.2-3.5c-3.6-1.1,10,3.9,16.5,4.1C150.5,21.6,152.3,21,152.2,21.1z\"\/>\n\t<path class=\"elementor-shape-fill\" d=\"M269.6,18c-0.1-0.1-4.6,0.3-7.2,0c-7.3-0.7-17-3.2-16.6-2.9c0.4,0.3,13.7,3.1,17,3.3\tC267.7,18.8,269.7,18,269.6,18z\"\/>\n\t<path class=\"elementor-shape-fill\" d=\"M227.4,9.8c-0.2-0.1-4.5-1-9.5-1.2c-5-0.2-12.7,0.6-12.3,0.5c0.3-0.1,5.9-1.8,13.3-1.2\tS227.6,9.9,227.4,9.8z\"\/>\n\t<path class=\"elementor-shape-fill\" d=\"M204.5,13.4c-0.1-0.1,2-1,3.2-1.1c1.2-0.1,2,0,2,0.3c0,0.3-0.1,0.5-1.6,0.4\tC206.4,12.9,204.6,13.5,204.5,13.4z\"\/>\n\t<path class=\"elementor-shape-fill\" d=\"M201,10.6c0-0.1-4.4,1.2-6.3,2.2c-1.9,0.9-6.2,3.1-6.1,3.1c0.1,0.1,4.2-1.6,6.3-2.6\tS201,10.7,201,10.6z\"\/>\n\t<path class=\"elementor-shape-fill\" d=\"M154.5,26.7c-0.1-0.1-4.6,0.3-7.2,0c-7.3-0.7-17-3.2-16.6-2.9c0.4,0.3,13.7,3.1,17,3.3\tC152.6,27.5,154.6,26.8,154.5,26.7z\"\/>\n\t<path class=\"elementor-shape-fill\" d=\"M41.9,19.3c0,0,1.2-0.3,2.9-0.1c1.7,0.2,5.8,0.9,8.2,0.7c4.2-0.4,7.4-2.7,7-2.6\tc-0.4,0-4.3,2.2-8.6,1.9c-1.8-0.1-5.1-0.5-6.7-0.4S41.9,19.3,41.9,19.3z\"\/>\n\t<path class=\"elementor-shape-fill\" d=\"M75.5,12.6c0.2,0.1,2-0.8,4.3-1.1c2.3-0.2,2.1-0.3,2.1-0.5c0-0.1-1.8-0.4-3.4,0\tC76.9,11.5,75.3,12.5,75.5,12.6z\"\/>\n\t<path class=\"elementor-shape-fill\" d=\"M15.6,13.2c0-0.1,4.3,0,6.7,0.5c2.4,0.5,5,1.9,5,2c0,0.1-2.7-0.8-5.1-1.4\tC19.9,13.7,15.7,13.3,15.6,13.2z\"\/>\n<\/svg>\t\t<\/div>\n\t\t<div class=\"elementor-element elementor-element-f5f5b8c e-con-full e-flex wpr-particle-no wpr-jarallax-no wpr-parallax-no wpr-sticky-section-no wpr-equal-height-no e-con e-child\" data-id=\"f5f5b8c\" data-element_type=\"container\" data-e-type=\"container\">\n\t\t\t\t<div class=\"elementor-element elementor-element-107e4c2 elementor-invisible elementor-widget elementor-widget-text-editor\" data-id=\"107e4c2\" data-element_type=\"widget\" data-e-type=\"widget\" data-settings=\"{&quot;_animation&quot;:&quot;fadeIn&quot;,&quot;_animation_delay&quot;:300}\" data-widget_type=\"text-editor.default\">\n\t\t\t\t<div class=\"elementor-widget-container\">\n\t\t\t\t\t\t\t\t\t<p>Ch\u00eane-Bourg Community Center<\/p>\t\t\t\t\t\t\t\t<\/div>\n\t\t\t\t<\/div>\n\t\t\t\t<div class=\"elementor-element elementor-element-5863aed elementor-invisible elementor-widget elementor-widget-heading\" data-id=\"5863aed\" data-element_type=\"widget\" data-e-type=\"widget\" data-settings=\"{&quot;_animation&quot;:&quot;fadeIn&quot;}\" data-widget_type=\"heading.default\">\n\t\t\t\t<div class=\"elementor-widget-container\">\n\t\t\t\t\t<h1 class=\"elementor-heading-title elementor-size-default\">Art Class<\/h1>\t\t\t\t<\/div>\n\t\t\t\t<\/div>\n\t\t\t\t<\/div>\n\t\t\t\t\t<\/div>\n\t\t\t\t<\/header>\n\t\t\t\t<section class=\"elementor-section elementor-top-section elementor-element elementor-element-2f37604c0 elementor-section-boxed elementor-section-height-default elementor-section-height-default wpr-particle-no wpr-jarallax-no wpr-parallax-no wpr-sticky-section-no wpr-equal-height-no\" data-id=\"2f37604c0\" data-element_type=\"section\" data-e-type=\"section\" data-settings=\"{&quot;background_background&quot;:&quot;classic&quot;}\">\n\t\t\t\t\t\t<div class=\"elementor-container elementor-column-gap-default\">\n\t\t\t\t\t<div class=\"elementor-column elementor-col-100 elementor-top-column elementor-element elementor-element-5659c733\" data-id=\"5659c733\" data-element_type=\"column\" data-e-type=\"column\">\n\t\t\t<div class=\"elementor-widget-wrap elementor-element-populated\">\n\t\t\t\t\t\t<div class=\"elementor-element elementor-element-662104a wpr-grid-columns-1 wpr-grid-columns--tablet1 wpr-grid-columns--mobile1 wpr-grid-pagination-center wpr-item-styles-inner elementor-widget elementor-widget-wpr-grid\" data-id=\"662104a\" data-element_type=\"widget\" data-e-type=\"widget\" data-widget_type=\"wpr-grid.default\">\n\t\t\t\t<div class=\"elementor-widget-container\">\n\t\t\t\t\t<ul class=\"wpr-grid-filters elementor-clearfix wpr-grid-filters-sep-right\"><li class=\" wpr-pointer-none wpr-pointer-line-fx wpr-pointer-fx-none\"><span  data-filter=\"*\" class=\"wpr-grid-filters-item wpr-active-filter \">All<\/span><em class=\"wpr-grid-filters-sep\"><\/em><\/li><ul data-parent=\".category-cours\" class=\"wpr-sub-filters\"><li data-role=\"back\" class=\" wpr-pointer-none wpr-pointer-line-fx wpr-pointer-fx-none\"><span class=\"wpr-back-filter\"  data-ajax-filter=[\"category\",\"cours\"]  data-filter=\".category-cours\"><i class=\"fas fa-long-arrow-alt-left\"><\/i>&nbsp;&nbsp;Back<\/span><\/li><li data-role=\"sub\" class=\" wpr-pointer-none wpr-pointer-line-fx wpr-pointer-fx-none\"><span   data-ajax-filter=[\"category\",\"cours-adultes\"]  data-filter=\".category-cours-adultes\">Cours adultes<\/span><em class=\"wpr-grid-filters-sep\"><\/em><\/li><li data-role=\"sub\" class=\" wpr-pointer-none wpr-pointer-line-fx wpr-pointer-fx-none\"><span   data-ajax-filter=[\"category\",\"cours-enfants\"]  data-filter=\".category-cours-enfants\">Cours enfants<\/span><em class=\"wpr-grid-filters-sep\"><\/em><\/li><li data-role=\"sub\" class=\" wpr-pointer-none wpr-pointer-line-fx wpr-pointer-fx-none\"><span   data-ajax-filter=[\"category\",\"cours-ados\"]  data-filter=\".category-cours-ados\">Cours ados<\/span><em class=\"wpr-grid-filters-sep\"><\/em><\/li><li data-role=\"sub\" class=\" wpr-pointer-none wpr-pointer-line-fx wpr-pointer-fx-none\"><span   data-ajax-filter=[\"category\",\"langues-et-enseignement\"]  data-filter=\".category-langues-et-enseignement\">Langues et enseignement<\/span><em class=\"wpr-grid-filters-sep\"><\/em><\/li><li data-role=\"sub\" class=\" wpr-pointer-none wpr-pointer-line-fx wpr-pointer-fx-none\"><span   data-ajax-filter=[\"category\",\"musique\"]  data-filter=\".category-musique\">Musique<\/span><em class=\"wpr-grid-filters-sep\"><\/em><\/li><li data-role=\"sub\" class=\" wpr-pointer-none wpr-pointer-line-fx wpr-pointer-fx-none\"><span   data-ajax-filter=[\"category\",\"danse\"]  data-filter=\".category-danse\">Danse<\/span><em class=\"wpr-grid-filters-sep\"><\/em><\/li><li data-role=\"sub\" class=\" wpr-pointer-none wpr-pointer-line-fx wpr-pointer-fx-none\"><span   data-ajax-filter=[\"category\",\"sport\"]  data-filter=\".category-sport\">Sport<\/span><em class=\"wpr-grid-filters-sep\"><\/em><\/li><li data-role=\"sub\" class=\" wpr-pointer-none wpr-pointer-line-fx wpr-pointer-fx-none\"><span   data-ajax-filter=[\"category\",\"dessin-peinture\"]  data-filter=\".category-dessin-peinture\">Dessin &amp; peinture<\/span><em class=\"wpr-grid-filters-sep\"><\/em><\/li><li data-role=\"sub\" class=\" wpr-pointer-none wpr-pointer-line-fx wpr-pointer-fx-none\"><span   data-ajax-filter=[\"category\",\"mediation-cours\"]  data-filter=\".category-mediation-cours\">mediation<\/span><em class=\"wpr-grid-filters-sep\"><\/em><\/li><li data-role=\"sub\" class=\" wpr-pointer-none wpr-pointer-line-fx wpr-pointer-fx-none\"><span   data-ajax-filter=[\"category\",\"arts\"]  data-filter=\".category-arts\">arts<\/span><em class=\"wpr-grid-filters-sep\"><\/em><\/li><\/ul><\/ul><section class=\"wpr-grid elementor-clearfix\" data-settings=\"{&quot;layout&quot;:&quot;list&quot;,&quot;stick_last_element_to_bottom&quot;:&quot;no&quot;,&quot;columns_desktop&quot;:1,&quot;gutter_hr&quot;:15,&quot;gutter_hr_mobile&quot;:15,&quot;gutter_hr_mobile_extra&quot;:15,&quot;gutter_hr_tablet&quot;:15,&quot;gutter_hr_tablet_extra&quot;:15,&quot;gutter_hr_laptop&quot;:15,&quot;gutter_hr_widescreen&quot;:15,&quot;gutter_vr&quot;:50,&quot;gutter_vr_mobile&quot;:91,&quot;gutter_vr_mobile_extra&quot;:&quot;&quot;,&quot;gutter_vr_tablet&quot;:&quot;&quot;,&quot;gutter_vr_tablet_extra&quot;:50,&quot;gutter_vr_laptop&quot;:50,&quot;gutter_vr_widescreen&quot;:50,&quot;animation&quot;:&quot;default&quot;,&quot;animation_duration&quot;:0.3,&quot;animation_delay&quot;:0.1,&quot;deeplinking&quot;:&quot;&quot;,&quot;filters_linkable&quot;:&quot;no&quot;,&quot;filters_default_filter&quot;:&quot;&quot;,&quot;filters_count&quot;:&quot;&quot;,&quot;filters_hide_empty&quot;:&quot;yes&quot;,&quot;filters_animation&quot;:&quot;default&quot;,&quot;filters_animation_duration&quot;:0.3,&quot;filters_animation_delay&quot;:0.1,&quot;pagination_type&quot;:&quot;numbered&quot;,&quot;pagination_max_pages&quot;:1,&quot;media_align&quot;:&quot;left&quot;,&quot;media_width&quot;:25,&quot;media_distance&quot;:20,&quot;lightbox&quot;:{&quot;selector&quot;:&quot;.wpr-grid-image-wrap&quot;,&quot;iframeMaxWidth&quot;:&quot;60%&quot;,&quot;hash&quot;:false,&quot;autoplay&quot;:&quot;true&quot;,&quot;pause&quot;:5000,&quot;progressBar&quot;:&quot;true&quot;,&quot;counter&quot;:&quot;true&quot;,&quot;controls&quot;:&quot;true&quot;,&quot;getCaptionFromTitleOrAlt&quot;:&quot;true&quot;,&quot;thumbnail&quot;:&quot;&quot;,&quot;showThumbByDefault&quot;:&quot;&quot;,&quot;share&quot;:&quot;&quot;,&quot;zoom&quot;:&quot;true&quot;,&quot;fullScreen&quot;:&quot;true&quot;,&quot;download&quot;:&quot;true&quot;}}\" data-advanced-filters=\"no\"><article class=\"wpr-grid-item elementor-clearfix post-35220 post type-post status-publish format-standard has-post-thumbnail hentry category-childrens-classes category-classes category-drawing-painting category-teen-classes\"><div class=\"wpr-grid-item-inner\"><div class=\"wpr-grid-media-wrap wpr-effect-size-medium \" data-overlay-link=\"yes\"><div class=\"wpr-grid-image-wrap\" data-src=\"http:\/\/lespot.ch\/wp-content\/uploads\/elementor\/thumbs\/JOSH4115-scaled-qtbo0wdyz3baptfewnbft47tds06c0tv2rq4gnbjjs.jpg\" data-img-on-hover=\"\"  data-src-secondary=\"\"><img decoding=\"async\" data-no-lazy=\"1\" src=\"http:\/\/lespot.ch\/wp-content\/uploads\/elementor\/thumbs\/JOSH4115-scaled-qtbo0wdyz3baptfewnbft47tds06c0tv2rq4gnbjjs.jpg\" alt=\"Manga Workshop\" class=\"wpr-anim-timing-ease-default\"><\/div><div class=\"wpr-grid-media-hover wpr-animation-wrap\"><div class=\"wpr-grid-media-hover-bg  wpr-overlay-fade-in wpr-anim-size-large wpr-anim-timing-ease-default wpr-anim-transparency\" data-url=\"http:\/\/lespot.ch\/en\/manga-workshop\/\"><\/div><\/div><\/div><div class=\"wpr-grid-item-below-content elementor-clearfix\"><div class=\"wpr-grid-item-category elementor-repeater-item-7a9afee wpr-grid-item-display-block wpr-grid-item-align-left wpr-pointer-none wpr-pointer-line-fx wpr-pointer-fx-fade wpr-grid-tax-style-1\"><div class=\"inner-block\"><a class=\" wpr-tax-id-174\" href=\"http:\/\/lespot.ch\/en\/category\/childrens-classes\/\">Children&#039;s Classes<span class=\"tax-sep\">, <\/span><\/a><a class=\" wpr-tax-id-171\" href=\"http:\/\/lespot.ch\/en\/category\/classes\/\">Classes<span class=\"tax-sep\">, <\/span><\/a><a class=\" wpr-tax-id-189\" href=\"http:\/\/lespot.ch\/en\/category\/drawing-painting\/\">Drawing &amp; Painting<span class=\"tax-sep\">, <\/span><\/a><a class=\" wpr-tax-id-175\" href=\"http:\/\/lespot.ch\/en\/category\/teen-classes\/\">Teen Classes<\/a><\/div><\/div><h2 class=\"wpr-grid-item-title elementor-repeater-item-2d29edf wpr-grid-item-display-block wpr-grid-item-align-left wpr-pointer-none wpr-pointer-line-fx wpr-pointer-fx-fade\"><div class=\"inner-block\"><a target=\"_self\"  href=\"http:\/\/lespot.ch\/en\/manga-workshop\/\">Manga Workshop<\/a><\/div><\/h2><div class=\"wpr-grid-item-excerpt elementor-repeater-item-0025724 wpr-grid-item-display-block wpr-grid-item-align-left\"><div class=\"inner-block\"><p>Instructor: Yuri. Thursdays and Fridays 4:30 PM to 6:00 PM. Ages: 8 - 17.<\/p><\/div><\/div><div class=\"wpr-grid-item-read-more elementor-repeater-item-716d6c5 wpr-grid-item-display-block wpr-grid-item-align-left\"><div class=\"inner-block\"><a target=\"_self\" href=\"http:\/\/lespot.ch\/en\/manga-workshop\/\" class=\"wpr-button-effect wpr-button-none\"><span>Read More<\/span><\/a><\/div><\/div><\/div><\/div><\/article><\/section>\t\t\t\t<\/div>\n\t\t\t\t<\/div>\n\t\t\t\t\t<\/div>\n\t\t<\/div>\n\t\t\t\t\t<\/div>\n\t\t<\/section>\n\t\t\t\t<\/div>\n\t\t","protected":false},"excerpt":{"rendered":"<p>Ch\u00eane-Bourg Community Center Art Class All &nbsp;&nbsp;Back Cours adultes Cours enfants Cours ados Langues et enseignement Musique Danse Sport Dessin &amp; peinture mediation arts arts, Cours, Cours adultes Jeu th\u00e9\u00e2tral improvis\u00e9 Professeure : Isabelle. Mardi 18h00 &#8211; 19h30. Cours adultes. Read More arts, Cours, Cours ados, Cours enfants Th\u00e9\u00e2tre Professeure : Ioanna. Jeudi 16h30 &#8211; 17h30. D\u00e8s 6 ans. Read More Cours, Cours ados, Cours enfants, Dessin &amp; peinture Atelier Manga Professeur : Yuri. Jeudi et Vendredi 16h30 \u00e0 18h. Age : 8 &#8211; 17 ans. Read More<\/p>\n","protected":false},"author":17,"featured_media":0,"parent":0,"menu_order":0,"comment_status":"closed","ping_status":"closed","template":"","meta":{"site-sidebar-layout":"no-sidebar","site-content-layout":"","ast-site-content-layout":"full-width-container","site-content-style":"default","site-sidebar-style":"default","ast-global-header-display":"","ast-banner-title-visibility":"","ast-main-header-display":"","ast-hfb-above-header-display":"","ast-hfb-below-header-display":"","ast-hfb-mobile-header-display":"","site-post-title":"disabled","ast-breadcrumbs-content":"","ast-featured-img":"disabled","footer-sml-layout":"","ast-disable-related-posts":"","theme-transparent-header-meta":"","adv-header-id-meta":"","stick-header-meta":"","header-above-stick-meta":"","header-main-stick-meta":"","header-below-stick-meta":"","astra-migrate-meta-layouts":"default","ast-page-background-enabled":"default","ast-page-background-meta":{"desktop":{"background-color":"var(--ast-global-color-5)","background-image":"","background-repeat":"repeat","background-position":"center center","background-size":"auto","background-attachment":"scroll","background-type":"","background-media":"","overlay-type":"","overlay-color":"","overlay-opacity":"","overlay-gradient":""},"tablet":{"background-color":"","background-image":"","background-repeat":"repeat","background-position":"center center","background-size":"auto","background-attachment":"scroll","background-type":"","background-media":"","overlay-type":"","overlay-color":"","overlay-opacity":"","overlay-gradient":""},"mobile":{"background-color":"","background-image":"","background-repeat":"repeat","background-position":"center center","background-size":"auto","background-attachment":"scroll","background-type":"","background-media":"","overlay-type":"","overlay-color":"","overlay-opacity":"","overlay-gradient":""}},"ast-content-background-meta":{"desktop":{"background-color":"var(--ast-global-color-4)","background-image":"","background-repeat":"repeat","background-position":"center center","background-size":"auto","background-attachment":"scroll","background-type":"","background-media":"","overlay-type":"","overlay-color":"","overlay-opacity":"","overlay-gradient":""},"tablet":{"background-color":"var(--ast-global-color-4)","background-image":"","background-repeat":"repeat","background-position":"center center","background-size":"auto","background-attachment":"scroll","background-type":"","background-media":"","overlay-type":"","overlay-color":"","overlay-opacity":"","overlay-gradient":""},"mobile":{"background-color":"var(--ast-global-color-4)","background-image":"","background-repeat":"repeat","background-position":"center center","background-size":"auto","background-attachment":"scroll","background-type":"","background-media":"","overlay-type":"","overlay-color":"","overlay-opacity":"","overlay-gradient":""}},"footnotes":""},"class_list":["post-35774","page","type-page","status-publish","hentry"],"yoast_head":"<!-- This site is optimized with the Yoast SEO plugin v27.4 - https:\/\/yoast.com\/product\/yoast-seo-wordpress\/ -->\n<title>Art Class - Le Spot - Maison de Quartier de Ch\u00eane-Bourg<\/title>\n<meta name=\"robots\" content=\"index, follow, max-snippet:-1, max-image-preview:large, max-video-preview:-1\" \/>\n<link rel=\"canonical\" href=\"http:\/\/lespot.ch\/en\/art-class\/\" \/>\n<meta property=\"og:locale\" content=\"en_US\" \/>\n<meta property=\"og:type\" content=\"article\" \/>\n<meta property=\"og:title\" content=\"Art Class - Le Spot - Maison de Quartier de Ch\u00eane-Bourg\" \/>\n<meta property=\"og:description\" content=\"Ch\u00eane-Bourg Community Center Art Class All &nbsp;&nbsp;Back Cours adultes Cours enfants Cours ados Langues et enseignement Musique Danse Sport Dessin &amp; peinture mediation arts arts, Cours, Cours adultes Jeu th\u00e9\u00e2tral improvis\u00e9 Professeure : Isabelle. Mardi 18h00 &#8211; 19h30. Cours adultes. Read More arts, Cours, Cours ados, Cours enfants Th\u00e9\u00e2tre Professeure : Ioanna. Jeudi 16h30 &#8211; 17h30. D\u00e8s 6 ans. Read More Cours, Cours ados, Cours enfants, Dessin &amp; peinture Atelier Manga Professeur : Yuri. Jeudi et Vendredi 16h30 \u00e0 18h. Age : 8 &#8211; 17 ans. Read More\" \/>\n<meta property=\"og:url\" content=\"http:\/\/lespot.ch\/en\/art-class\/\" \/>\n<meta property=\"og:site_name\" content=\"Le Spot - Maison de Quartier de Ch\u00eane-Bourg\" \/>\n<meta property=\"article:modified_time\" content=\"2025-10-22T13:55:51+00:00\" \/>\n<meta property=\"og:image\" content=\"http:\/\/lespot.ch\/wp-content\/uploads\/elementor\/thumbs\/pexels-cottonbro-6800202-scaled-r9kp6rp1ykiig2wqiks3gil5h7hvuzp1hlj58humk8.jpg\" \/>\n<meta name=\"twitter:card\" content=\"summary_large_image\" \/>\n<script type=\"application\/ld+json\" class=\"yoast-schema-graph\">{\"@context\":\"https:\\\/\\\/schema.org\",\"@graph\":[{\"@type\":\"WebPage\",\"@id\":\"http:\\\/\\\/lespot.ch\\\/en\\\/art-class\\\/\",\"url\":\"http:\\\/\\\/lespot.ch\\\/en\\\/art-class\\\/\",\"name\":\"Art Class - Le Spot - Maison de Quartier de Ch\u00eane-Bourg\",\"isPartOf\":{\"@id\":\"https:\\\/\\\/lespot.ch\\\/en\\\/#website\"},\"primaryImageOfPage\":{\"@id\":\"http:\\\/\\\/lespot.ch\\\/en\\\/art-class\\\/#primaryimage\"},\"image\":{\"@id\":\"http:\\\/\\\/lespot.ch\\\/en\\\/art-class\\\/#primaryimage\"},\"thumbnailUrl\":\"http:\\\/\\\/lespot.ch\\\/wp-content\\\/uploads\\\/elementor\\\/thumbs\\\/pexels-cottonbro-6800202-scaled-r9kp6rp1ykiig2wqiks3gil5h7hvuzp1hlj58humk8.jpg\",\"datePublished\":\"2025-07-16T13:19:58+00:00\",\"dateModified\":\"2025-10-22T13:55:51+00:00\",\"breadcrumb\":{\"@id\":\"http:\\\/\\\/lespot.ch\\\/en\\\/art-class\\\/#breadcrumb\"},\"inLanguage\":\"en-US\",\"potentialAction\":[{\"@type\":\"ReadAction\",\"target\":[\"http:\\\/\\\/lespot.ch\\\/en\\\/art-class\\\/\"]}]},{\"@type\":\"ImageObject\",\"inLanguage\":\"en-US\",\"@id\":\"http:\\\/\\\/lespot.ch\\\/en\\\/art-class\\\/#primaryimage\",\"url\":\"http:\\\/\\\/lespot.ch\\\/wp-content\\\/uploads\\\/elementor\\\/thumbs\\\/pexels-cottonbro-6800202-scaled-r9kp6rp1ykiig2wqiks3gil5h7hvuzp1hlj58humk8.jpg\",\"contentUrl\":\"http:\\\/\\\/lespot.ch\\\/wp-content\\\/uploads\\\/elementor\\\/thumbs\\\/pexels-cottonbro-6800202-scaled-r9kp6rp1ykiig2wqiks3gil5h7hvuzp1hlj58humk8.jpg\"},{\"@type\":\"BreadcrumbList\",\"@id\":\"http:\\\/\\\/lespot.ch\\\/en\\\/art-class\\\/#breadcrumb\",\"itemListElement\":[{\"@type\":\"ListItem\",\"position\":1,\"name\":\"Accueil\",\"item\":\"http:\\\/\\\/lespot.ch\\\/en\\\/\"},{\"@type\":\"ListItem\",\"position\":2,\"name\":\"Art Class\"}]},{\"@type\":\"WebSite\",\"@id\":\"https:\\\/\\\/lespot.ch\\\/en\\\/#website\",\"url\":\"https:\\\/\\\/lespot.ch\\\/en\\\/\",\"name\":\"Le Spot - Maison de Quartier de Ch\u00eane-Bourg\",\"description\":\"\",\"potentialAction\":[{\"@type\":\"SearchAction\",\"target\":{\"@type\":\"EntryPoint\",\"urlTemplate\":\"https:\\\/\\\/lespot.ch\\\/en\\\/?s={search_term_string}\"},\"query-input\":{\"@type\":\"PropertyValueSpecification\",\"valueRequired\":true,\"valueName\":\"search_term_string\"}}],\"inLanguage\":\"en-US\"}]}<\/script>\n<!-- \/ Yoast SEO plugin. -->","yoast_head_json":{"title":"Art Class - Le Spot - Maison de Quartier de Ch\u00eane-Bourg","robots":{"index":"index","follow":"follow","max-snippet":"max-snippet:-1","max-image-preview":"max-image-preview:large","max-video-preview":"max-video-preview:-1"},"canonical":"http:\/\/lespot.ch\/en\/art-class\/","og_locale":"en_US","og_type":"article","og_title":"Art Class - Le Spot - Maison de Quartier de Ch\u00eane-Bourg","og_description":"Ch\u00eane-Bourg Community Center Art Class All &nbsp;&nbsp;Back Cours adultes Cours enfants Cours ados Langues et enseignement Musique Danse Sport Dessin &amp; peinture mediation arts arts, Cours, Cours adultes Jeu th\u00e9\u00e2tral improvis\u00e9 Professeure : Isabelle. Mardi 18h00 &#8211; 19h30. Cours adultes. Read More arts, Cours, Cours ados, Cours enfants Th\u00e9\u00e2tre Professeure : Ioanna. Jeudi 16h30 &#8211; 17h30. D\u00e8s 6 ans. Read More Cours, Cours ados, Cours enfants, Dessin &amp; peinture Atelier Manga Professeur : Yuri. Jeudi et Vendredi 16h30 \u00e0 18h. Age : 8 &#8211; 17 ans. Read More","og_url":"http:\/\/lespot.ch\/en\/art-class\/","og_site_name":"Le Spot - Maison de Quartier de Ch\u00eane-Bourg","article_modified_time":"2025-10-22T13:55:51+00:00","og_image":[{"url":"http:\/\/lespot.ch\/wp-content\/uploads\/elementor\/thumbs\/pexels-cottonbro-6800202-scaled-r9kp6rp1ykiig2wqiks3gil5h7hvuzp1hlj58humk8.jpg","type":"","width":"","height":""}],"twitter_card":"summary_large_image","schema":{"@context":"https:\/\/schema.org","@graph":[{"@type":"WebPage","@id":"http:\/\/lespot.ch\/en\/art-class\/","url":"http:\/\/lespot.ch\/en\/art-class\/","name":"Art Class - Le Spot - Maison de Quartier de Ch\u00eane-Bourg","isPartOf":{"@id":"https:\/\/lespot.ch\/en\/#website"},"primaryImageOfPage":{"@id":"http:\/\/lespot.ch\/en\/art-class\/#primaryimage"},"image":{"@id":"http:\/\/lespot.ch\/en\/art-class\/#primaryimage"},"thumbnailUrl":"http:\/\/lespot.ch\/wp-content\/uploads\/elementor\/thumbs\/pexels-cottonbro-6800202-scaled-r9kp6rp1ykiig2wqiks3gil5h7hvuzp1hlj58humk8.jpg","datePublished":"2025-07-16T13:19:58+00:00","dateModified":"2025-10-22T13:55:51+00:00","breadcrumb":{"@id":"http:\/\/lespot.ch\/en\/art-class\/#breadcrumb"},"inLanguage":"en-US","potentialAction":[{"@type":"ReadAction","target":["http:\/\/lespot.ch\/en\/art-class\/"]}]},{"@type":"ImageObject","inLanguage":"en-US","@id":"http:\/\/lespot.ch\/en\/art-class\/#primaryimage","url":"http:\/\/lespot.ch\/wp-content\/uploads\/elementor\/thumbs\/pexels-cottonbro-6800202-scaled-r9kp6rp1ykiig2wqiks3gil5h7hvuzp1hlj58humk8.jpg","contentUrl":"http:\/\/lespot.ch\/wp-content\/uploads\/elementor\/thumbs\/pexels-cottonbro-6800202-scaled-r9kp6rp1ykiig2wqiks3gil5h7hvuzp1hlj58humk8.jpg"},{"@type":"BreadcrumbList","@id":"http:\/\/lespot.ch\/en\/art-class\/#breadcrumb","itemListElement":[{"@type":"ListItem","position":1,"name":"Accueil","item":"http:\/\/lespot.ch\/en\/"},{"@type":"ListItem","position":2,"name":"Art Class"}]},{"@type":"WebSite","@id":"https:\/\/lespot.ch\/en\/#website","url":"https:\/\/lespot.ch\/en\/","name":"Le Spot - Maison de Quartier de Ch\u00eane-Bourg","description":"","potentialAction":[{"@type":"SearchAction","target":{"@type":"EntryPoint","urlTemplate":"https:\/\/lespot.ch\/en\/?s={search_term_string}"},"query-input":{"@type":"PropertyValueSpecification","valueRequired":true,"valueName":"search_term_string"}}],"inLanguage":"en-US"}]}},"_links":{"self":[{"href":"http:\/\/lespot.ch\/en\/wp-json\/wp\/v2\/pages\/35774","targetHints":{"allow":["GET"]}}],"collection":[{"href":"http:\/\/lespot.ch\/en\/wp-json\/wp\/v2\/pages"}],"about":[{"href":"http:\/\/lespot.ch\/en\/wp-json\/wp\/v2\/types\/page"}],"author":[{"embeddable":true,"href":"http:\/\/lespot.ch\/en\/wp-json\/wp\/v2\/users\/17"}],"replies":[{"embeddable":true,"href":"http:\/\/lespot.ch\/en\/wp-json\/wp\/v2\/comments?post=35774"}],"version-history":[{"count":4,"href":"http:\/\/lespot.ch\/en\/wp-json\/wp\/v2\/pages\/35774\/revisions"}],"predecessor-version":[{"id":35958,"href":"http:\/\/lespot.ch\/en\/wp-json\/wp\/v2\/pages\/35774\/revisions\/35958"}],"wp:attachment":[{"href":"http:\/\/lespot.ch\/en\/wp-json\/wp\/v2\/media?parent=35774"}],"curies":[{"name":"wp","href":"https:\/\/api.w.org\/{rel}","templated":true}]}}